{"id":21,"date":"2026-04-06T10:16:33","date_gmt":"2026-04-06T10:16:33","guid":{"rendered":"http:\/\/aurelien-juhel.fr\/?page_id=21"},"modified":"2026-04-06T12:48:19","modified_gmt":"2026-04-06T12:48:19","slug":"protocole-dns","status":"publish","type":"page","link":"https:\/\/aurelien-juhel.fr\/index.php\/protocole-dns\/","title":{"rendered":"Protocole DNS"},"content":{"rendered":"<div class=\"entry\">\n\n\n<p>Le Domain Name System (DNS) est un protocole fondamental de l\u2019Internet qui assure la correspondance entre les noms de domaine lisibles par l\u2019humain (comme <em>example.com<\/em>) et les adresses IP utilis\u00e9es par les machines. Sans lui, la navigation sur le web serait beaucoup plus complexe, car il faudrait m\u00e9moriser des suites de chiffres pour acc\u00e9der \u00e0 chaque service. Aujourd\u2019hui, le DNS est omnipr\u00e9sent : chaque requ\u00eate web, chaque envoi d\u2019email, chaque connexion \u00e0 un service en ligne passe par ce m\u00e9canisme de r\u00e9solution de noms. L\u2019ampleur de son utilisation est donc colossale, avec des milliards de requ\u00eates trait\u00e9es chaque jour \u00e0 l\u2019\u00e9chelle mondiale. Cette centralit\u00e9 en fait \u00e9galement une cible privil\u00e9gi\u00e9e pour les attaques informatiques, telles que l\u2019empoisonnement de cache ou les attaques par d\u00e9ni de service distribu\u00e9 (DDoS). Par cons\u00e9quent, la ma\u00eetrise du DNS devient une comp\u00e9tence essentielle pour les professionnels de l\u2019informatique et de la cybers\u00e9curit\u00e9. \u00c0 l\u2019avenir, il ne suffira plus de comprendre son fonctionnement : il faudra aussi savoir le configurer et le s\u00e9curiser efficacement. Des technologies comme DNSSEC ou le chiffrement des requ\u00eates (DoH, DoT) illustrent cette \u00e9volution vers un DNS plus s\u00fbr. Cet enjeu concerne \u00e9galement les particuliers, de plus en plus sensibles \u00e0 la protection de leurs donn\u00e9es personnelles et \u00e0 leur vie priv\u00e9e en ligne. En effet, les requ\u00eates DNS peuvent r\u00e9v\u00e9ler les habitudes de navigation et \u00eatre exploit\u00e9es \u00e0 des fins commerciales. Dans ce contexte, s\u00e9curiser et ma\u00eetriser le DNS devient un levier cl\u00e9 pour reprendre le contr\u00f4le sur ses donn\u00e9es, tant pour les utilisateurs individuels que pour les organisations.<\/p>\n\n\n\n<div style=\"height:100px\" aria-hidden=\"true\" class=\"wp-block-spacer\"><\/div>\n\n\n\n<div class=\"wp-block-columns is-layout-flex wp-container-core-columns-is-layout-9d6595d7 wp-block-columns-is-layout-flex\">\n<div class=\"wp-block-column is-layout-flow wp-block-column-is-layout-flow\" style=\"flex-basis:66.66%\">\n<p class=\"has-text-align-center has-black-color has-text-color has-link-color has-large-font-size wp-elements-126ae3e33345b9d79b2b0a0e798aa654\"><strong>Les fondements du<\/strong><\/p>\n\n\n\n<p>La RFC 1034 : Les concepts de base (<a href=\"https:\/\/datatracker.ietf.org\/doc\/html\/rfc1034\">EN<\/a>), (<a href=\"http:\/\/aurelien-juhel.fr\/wp-content\/uploads\/2026\/04\/RFC-1034-FR.pdf\">FR<\/a>)<\/p>\n\n\n\n<div style=\"height:42px\" aria-hidden=\"true\" class=\"wp-block-spacer\"><\/div>\n\n\n\n<p>La RFC 1035 : Noms de domaines \u2013 mise en oeuvre et sp\u00e9cification (<a href=\"https:\/\/datatracker.ietf.org\/doc\/html\/rfc1035\">EN<\/a>), (<a href=\"https:\/\/aurelien-juhel.fr\/wp-content\/uploads\/2026\/04\/RFC-1035-FR.pdf\">FR<\/a>)<\/p>\n\n\n\n<div style=\"height:42px\" aria-hidden=\"true\" class=\"wp-block-spacer\"><\/div>\n\n\n\n<p>La RFC 8499 : Terminologie du DNS (<a href=\"https:\/\/datatracker.ietf.org\/doc\/html\/rfc8499\">EN<\/a>), (<a href=\"http:\/\/aurelien-juhel.fr\/wp-content\/uploads\/2026\/04\/RFC-8499-FR.pdf\">FR<\/a>)<\/p>\n<\/div>\n\n\n\n<div class=\"wp-block-column is-layout-flow wp-block-column-is-layout-flow\" style=\"flex-basis:33.33%\"><div class=\"wp-block-image is-style-rounded\">\n<figure class=\"aligncenter size-large\"><img loading=\"lazy\" decoding=\"async\" width=\"1024\" height=\"683\" src=\"http:\/\/aurelien-juhel.fr\/wp-content\/uploads\/2026\/04\/what-dns-is-1024x683.png\" alt=\"\" class=\"wp-image-68\" style=\"aspect-ratio:2\/3;object-fit:cover\" srcset=\"https:\/\/aurelien-juhel.fr\/wp-content\/uploads\/2026\/04\/what-dns-is-1024x683.png 1024w, https:\/\/aurelien-juhel.fr\/wp-content\/uploads\/2026\/04\/what-dns-is-300x200.png 300w, https:\/\/aurelien-juhel.fr\/wp-content\/uploads\/2026\/04\/what-dns-is-768x512.png 768w, https:\/\/aurelien-juhel.fr\/wp-content\/uploads\/2026\/04\/what-dns-is.png 1536w\" sizes=\"auto, (max-width: 1024px) 100vw, 1024px\" \/><\/figure>\n<\/div><\/div>\n<\/div>\n\n\n\n<div style=\"height:100px\" aria-hidden=\"true\" class=\"wp-block-spacer\"><\/div>\n\n\n\n<p class=\"has-text-align-center has-large-font-size\"><strong>Une vulgarisation de qualit\u00e9<\/strong><\/p>\n\n\n\n<div class=\"wp-block-columns is-layout-flex wp-container-core-columns-is-layout-9d6595d7 wp-block-columns-is-layout-flex\">\n<div class=\"wp-block-column is-layout-flow wp-block-column-is-layout-flow\">\n<p class=\"has-text-align-center\"><a href=\"https:\/\/www.cloudflare.com\/fr-fr\/learning\/dns\/what-is-dns\/\"><strong>Qu&rsquo;est-ce que le DNS&nbsp;? | Fonctionnement du DNS<\/strong><\/a><\/p>\n\n\n\n<p>Le DNS peut \u00eatre vu comme un annuaire d\u2019Internet : il permet de traduire les noms de domaine que nous utilisons au quotidien en adresses IP compr\u00e9hensibles par les machines. Concr\u00e8tement, lorsqu\u2019un utilisateur saisit une adresse dans son navigateur, une requ\u00eate DNS est automatiquement envoy\u00e9e pour trouver l\u2019adresse correspondante et charger le site demand\u00e9. Ce processus se fait en arri\u00e8re-plan, de mani\u00e8re transparente, mais il est indispensable pour acc\u00e9der aux ressources en ligne. Le DNS joue donc un r\u00f4le cl\u00e9 dans la navigation web, en rendant Internet plus simple d\u2019utilisation tout en assurant la communication entre les diff\u00e9rents \u00e9quipements connect\u00e9s.<\/p>\n<\/div>\n\n\n\n<div class=\"wp-block-column is-layout-flow wp-block-column-is-layout-flow\">\n<p class=\"has-text-align-center\"><a href=\"https:\/\/dnsinstitute.com\/documentation\/dns-essentials-book\/\"><strong>DNS Essentials Book<\/strong><\/a><\/p>\n\n\n\n<p>Le DNS est un \u00e9l\u00e9ment essentiel du fonctionnement d\u2019Internet, puisqu\u2019il permet de traduire les noms de domaine, faciles \u00e0 retenir pour les utilisateurs, en adresses IP compr\u00e9hensibles par les machines. Sans lui, il faudrait conna\u00eetre par c\u0153ur des suites de chiffres pour acc\u00e9der aux sites web. Ce syst\u00e8me repose sur une architecture distribu\u00e9e et hi\u00e9rarchique, capable de g\u00e9rer un tr\u00e8s grand nombre de requ\u00eates en permanence. Comprendre son fonctionnement est donc indispensable, d\u2019autant plus qu\u2019il joue aussi un r\u00f4le important en mati\u00e8re de s\u00e9curit\u00e9, avec des m\u00e9canismes comme DNSSEC qui permettent de fiabiliser les \u00e9changes.<\/p>\n<\/div>\n<\/div>\n\n\n\n<div style=\"height:100px\" aria-hidden=\"true\" class=\"wp-block-spacer\"><\/div>\n\n\n\n<p><\/p>\n\n\n\n<p class=\"has-text-align-center has-large-font-size\"><strong>Une vision moderne du DNS<\/strong><\/p>\n\n\n\n<div class=\"wp-block-columns is-layout-flex wp-container-core-columns-is-layout-9d6595d7 wp-block-columns-is-layout-flex\">\n<div class=\"wp-block-column is-layout-flow wp-block-column-is-layout-flow\" style=\"flex-basis:33.33%\">\n<figure class=\"wp-block-image size-full\"><img loading=\"lazy\" decoding=\"async\" width=\"474\" height=\"266\" src=\"https:\/\/aurelien-juhel.fr\/wp-content\/uploads\/2026\/04\/dns-shield.jpg\" alt=\"\" class=\"wp-image-78\" style=\"aspect-ratio:3\/4;object-fit:cover\" srcset=\"https:\/\/aurelien-juhel.fr\/wp-content\/uploads\/2026\/04\/dns-shield.jpg 474w, https:\/\/aurelien-juhel.fr\/wp-content\/uploads\/2026\/04\/dns-shield-300x168.jpg 300w\" sizes=\"auto, (max-width: 474px) 100vw, 474px\" \/><\/figure>\n<\/div>\n\n\n\n<div class=\"wp-block-column is-layout-flow wp-block-column-is-layout-flow\" style=\"flex-basis:66.66%\">\n<p>La s\u00e9curit\u00e9 du DNS, c\u2019est avant tout une question de bonnes pratiques pour les op\u00e9rateurs : configuration solide, surveillance et mises \u00e0 jour r\u00e9guli\u00e8res. <a href=\"https:\/\/kindns.org\/dns-security-resources\/\">KINDNS <\/a>propose justement des ressources pour aider \u00e0 mettre \u00e7a en place facilement. Le site insiste aussi sur DNSSEC, qui permet de v\u00e9rifier que les r\u00e9ponses DNS n\u2019ont pas \u00e9t\u00e9 falsifi\u00e9es et assure une couche de confiance indispensable. Et enfin, il aborde les enjeux actuels comme le chiffrement des requ\u00eates avec DoH ou DoT, qui prot\u00e8gent la confidentialit\u00e9 des utilisateurs. Bref, c\u2019est un concentr\u00e9 de conseils pratiques pour rendre le DNS plus s\u00fbr et plus r\u00e9silient, \u00e0 la port\u00e9e de tous les acteurs du web.<\/p>\n<\/div>\n<\/div>\n\n\n\n<p><\/p>\n\n\n<\/div>","protected":false},"excerpt":{"rendered":"<p>Le Domain Name System (DNS) est un protocole fondamental de l\u2019Internet qui assure la correspondance entre les noms de domaine lisibles par l\u2019humain (comme example.com) et les adresses IP utilis\u00e9es par les machines. Sans lui, la navigation sur le web serait beaucoup plus complexe, car il faudrait m\u00e9moriser des suites de chiffres pour acc\u00e9der \u00e0 &#8230;<\/p>\n","protected":false},"author":2,"featured_media":0,"parent":0,"menu_order":0,"comment_status":"closed","ping_status":"closed","template":"","meta":{"footnotes":""},"class_list":["post-21","page","type-page","status-publish"],"_links":{"self":[{"href":"https:\/\/aurelien-juhel.fr\/index.php\/wp-json\/wp\/v2\/pages\/21","targetHints":{"allow":["GET"]}}],"collection":[{"href":"https:\/\/aurelien-juhel.fr\/index.php\/wp-json\/wp\/v2\/pages"}],"about":[{"href":"https:\/\/aurelien-juhel.fr\/index.php\/wp-json\/wp\/v2\/types\/page"}],"author":[{"embeddable":true,"href":"https:\/\/aurelien-juhel.fr\/index.php\/wp-json\/wp\/v2\/users\/2"}],"replies":[{"embeddable":true,"href":"https:\/\/aurelien-juhel.fr\/index.php\/wp-json\/wp\/v2\/comments?post=21"}],"version-history":[{"count":23,"href":"https:\/\/aurelien-juhel.fr\/index.php\/wp-json\/wp\/v2\/pages\/21\/revisions"}],"predecessor-version":[{"id":97,"href":"https:\/\/aurelien-juhel.fr\/index.php\/wp-json\/wp\/v2\/pages\/21\/revisions\/97"}],"wp:attachment":[{"href":"https:\/\/aurelien-juhel.fr\/index.php\/wp-json\/wp\/v2\/media?parent=21"}],"curies":[{"name":"wp","href":"https:\/\/api.w.org\/{rel}","templated":true}]}}