{"id":24,"date":"2026-04-06T10:17:27","date_gmt":"2026-04-06T10:17:27","guid":{"rendered":"http:\/\/aurelien-juhel.fr\/?page_id=24"},"modified":"2026-04-06T10:36:22","modified_gmt":"2026-04-06T10:36:22","slug":"identite-cryptographique-dynamique","status":"publish","type":"page","link":"https:\/\/aurelien-juhel.fr\/index.php\/identite-cryptographique-dynamique\/","title":{"rendered":"L&rsquo;ICD &#8211; Identit\u00e9 Cryptographique Dynamique"},"content":{"rendered":"<div class=\"entry\">\n\n\n<p>La v\u00e9rification des communications ne doit plus se limiter aux flux sortants d\u2019un r\u00e9seau, mais s\u2019\u00e9tendre \u00e9galement aux \u00e9changes internes, souvent consid\u00e9r\u00e9s \u00e0 tort comme fiables par d\u00e9faut. Dans un contexte o\u00f9 les menaces \u00e9voluent rapidement, le mod\u00e8le de confiance implicite des r\u00e9seaux internes montre ses limites, notamment face aux attaques lat\u00e9rales et aux compromissions internes. L\u2019approche dite du \u00ab zero trust \u00bb, reposant sur le principe de v\u00e9rification syst\u00e9matique, s\u2019impose progressivement comme une r\u00e9f\u00e9rence. Dans ce cadre, l\u2019identit\u00e9 cryptographique dynamique constitue un levier cl\u00e9 : elle permet d\u2019attribuer \u00e0 chaque utilisateur, machine ou service une identit\u00e9 v\u00e9rifiable, \u00e9volutive et difficilement falsifiable. Contrairement aux identit\u00e9s statiques traditionnelles, ces identit\u00e9s s\u2019appuient sur des m\u00e9canismes cryptographiques robustes et peuvent \u00eatre renouvel\u00e9es ou r\u00e9voqu\u00e9es en temps r\u00e9el. Pour les entreprises, cela repr\u00e9sente un enjeu majeur en mati\u00e8re de s\u00e9curit\u00e9, de tra\u00e7abilit\u00e9 et de conformit\u00e9 r\u00e9glementaire. Mais les implications sont \u00e9galement soci\u00e9tales, car ces m\u00e9canismes contribuent \u00e0 redonner aux individus un meilleur contr\u00f4le sur leurs interactions num\u00e9riques et leurs donn\u00e9es. Cette \u00e9volution s\u2019inscrit dans la dynamique du Web 3.0, o\u00f9 les utilisateurs ne sont plus de simples consommateurs mais des acteurs de confiance au sein de r\u00e9seaux d\u00e9centralis\u00e9s. Les technologies de Blockchain jouent ici un r\u00f4le structurant, en permettant de g\u00e9rer des identit\u00e9s d\u00e9centralis\u00e9es, s\u00e9curis\u00e9es et interop\u00e9rables. Ainsi, la v\u00e9rification des communications internes et externes, adoss\u00e9e \u00e0 des identit\u00e9s cryptographiques dynamiques, appara\u00eet comme une condition essentielle pour b\u00e2tir des infrastructures num\u00e9riques r\u00e9silientes et respectueuses des enjeux de confiance modernes.<\/p>\n\n\n\n\n<\/div>","protected":false},"excerpt":{"rendered":"<p>La v\u00e9rification des communications ne doit plus se limiter aux flux sortants d\u2019un r\u00e9seau, mais s\u2019\u00e9tendre \u00e9galement aux \u00e9changes internes, souvent consid\u00e9r\u00e9s \u00e0 tort comme fiables par d\u00e9faut. Dans un contexte o\u00f9 les menaces \u00e9voluent rapidement, le mod\u00e8le de confiance implicite des r\u00e9seaux internes montre ses limites, notamment face aux attaques lat\u00e9rales et aux compromissions &#8230;<\/p>\n","protected":false},"author":2,"featured_media":0,"parent":0,"menu_order":0,"comment_status":"closed","ping_status":"closed","template":"","meta":{"footnotes":""},"class_list":["post-24","page","type-page","status-publish"],"_links":{"self":[{"href":"https:\/\/aurelien-juhel.fr\/index.php\/wp-json\/wp\/v2\/pages\/24","targetHints":{"allow":["GET"]}}],"collection":[{"href":"https:\/\/aurelien-juhel.fr\/index.php\/wp-json\/wp\/v2\/pages"}],"about":[{"href":"https:\/\/aurelien-juhel.fr\/index.php\/wp-json\/wp\/v2\/types\/page"}],"author":[{"embeddable":true,"href":"https:\/\/aurelien-juhel.fr\/index.php\/wp-json\/wp\/v2\/users\/2"}],"replies":[{"embeddable":true,"href":"https:\/\/aurelien-juhel.fr\/index.php\/wp-json\/wp\/v2\/comments?post=24"}],"version-history":[{"count":3,"href":"https:\/\/aurelien-juhel.fr\/index.php\/wp-json\/wp\/v2\/pages\/24\/revisions"}],"predecessor-version":[{"id":32,"href":"https:\/\/aurelien-juhel.fr\/index.php\/wp-json\/wp\/v2\/pages\/24\/revisions\/32"}],"wp:attachment":[{"href":"https:\/\/aurelien-juhel.fr\/index.php\/wp-json\/wp\/v2\/media?parent=24"}],"curies":[{"name":"wp","href":"https:\/\/api.w.org\/{rel}","templated":true}]}}